{"id":13106,"date":"2023-10-11T14:03:39","date_gmt":"2023-10-11T11:03:39","guid":{"rendered":"https:\/\/library.usm.md\/?page_id=13106"},"modified":"2024-09-10T16:50:21","modified_gmt":"2024-09-10T13:50:21","slug":"oficiul-activitate-metodologica","status":"publish","type":"page","link":"https:\/\/library.usm.md\/?page_id=13106","title":{"rendered":"Oficiul Activitate metodologic\u0103"},"content":{"rendered":"<p><span style=\"color: #333333;\"><strong>Oficiul Activitate metodologic\u0103<\/strong><\/span><\/p>\n<p><span style=\"color: #333333;\"><em>Bibliotecar principal<\/em>: <strong>Ecaterina Zasmenco<\/strong><\/span><\/p>\n<p><span style=\"color: #333333;\"><em>Telefon:<\/em>\u00a0067560423<\/span><\/p>\n<p><span style=\"color: #333333;\"><em>E-mail<\/em>: <span style=\"color: #0000ff;\">ecaterina.zasmenco@usm.md<\/span><\/span><\/p>\n<p><span style=\"color: #333333;\"><strong><em>Direc\u021bii de activitate:<\/em><\/strong><\/span><\/p>\n<ul>\n<li><span style=\"color: #333333;\">Elaborarea \u0219i implementarea cadrului de reglementare al bibliotecii<\/span><\/li>\n<li><span style=\"color: #333333;\">Asisten\u021b\u0103 metodologic\u0103 pentru bibliotecile din re\u021beaua institu\u021biilor de \u00eenv\u0103\u021b\u0103m\u00e2nt superior<\/span><\/li>\n<li><span style=\"color: #333333;\">Elaborarea \u015fi diseminarea informa\u0163iilor statistice privind activitatea bibliotecar\u0103 din re\u0163ea<\/span><\/li>\n<li><span style=\"color: #333333;\">\u00cendrumarea metodologic\u0103 \u0219i formarea profesional\u0103 continu\u0103 a bibliotecarilor<\/span><\/li>\n<li><span style=\"color: #333333;\">Formarea competen\u021belor utilizatorilor \u00een cultura informa\u021biei<\/span><\/li>\n<li><span style=\"color: #333333;\">Cercet\u0103ri \u00een domeniul biblioteconomiei, inform\u0103rii \u0219i document\u0103rii<\/span><\/li>\n<\/ul>\n","protected":false},"excerpt":{"rendered":"<p>Oficiul Activitate metodologic\u0103 Bibliotecar principal: Ecaterina Zasmenco Telefon:\u00a0067560423 E-mail: ecaterina.zasmenco@usm.md Direc\u021bii de activitate: Elaborarea \u0219i implementarea cadrului de reglementare al bibliotecii Asisten\u021b\u0103 metodologic\u0103 pentru bibliotecile din re\u021beaua institu\u021biilor de \u00eenv\u0103\u021b\u0103m\u00e2nt superior Elaborarea \u015fi diseminarea informa\u0163iilor statistice privind activitatea bibliotecar\u0103 din re\u0163ea \u00cendrumarea metodologic\u0103 \u0219i formarea profesional\u0103 continu\u0103 a bibliotecarilor Formarea competen\u021belor utilizatorilor \u00een cultura informa\u021biei&hellip; <br \/> <a class=\"read-more\" href=\"https:\/\/library.usm.md\/?page_id=13106\">Cite\u0219te mai mult<\/a><\/p>\n","protected":false},"author":2,"featured_media":0,"parent":0,"menu_order":0,"comment_status":"closed","ping_status":"closed","template":"","meta":{"footnotes":""},"class_list":["post-13106","page","type-page","status-publish","hentry"],"rttpg_featured_image_url":null,"rttpg_author":{"display_name":"Domnul_de_la_SIS","author_link":"https:\/\/library.usm.md\/?author=2"},"rttpg_comment":0,"rttpg_category":null,"rttpg_excerpt":"Oficiul Activitate metodologic\u0103 Bibliotecar principal: Ecaterina Zasmenco Telefon:\u00a0067560423 E-mail: ecaterina.zasmenco@usm.md Direc\u021bii de activitate: Elaborarea \u0219i implementarea cadrului de reglementare al bibliotecii Asisten\u021b\u0103 metodologic\u0103 pentru bibliotecile din re\u021beaua institu\u021biilor de \u00eenv\u0103\u021b\u0103m\u00e2nt superior Elaborarea \u015fi diseminarea informa\u0163iilor statistice privind activitatea bibliotecar\u0103 din re\u0163ea \u00cendrumarea metodologic\u0103 \u0219i formarea profesional\u0103 continu\u0103 a bibliotecarilor Formarea competen\u021belor utilizatorilor \u00een cultura informa\u021biei&hellip;&hellip;","_links":{"self":[{"href":"https:\/\/library.usm.md\/index.php?rest_route=\/wp\/v2\/pages\/13106","targetHints":{"allow":["GET"]}}],"collection":[{"href":"https:\/\/library.usm.md\/index.php?rest_route=\/wp\/v2\/pages"}],"about":[{"href":"https:\/\/library.usm.md\/index.php?rest_route=\/wp\/v2\/types\/page"}],"author":[{"embeddable":true,"href":"https:\/\/library.usm.md\/index.php?rest_route=\/wp\/v2\/users\/2"}],"replies":[{"embeddable":true,"href":"https:\/\/library.usm.md\/index.php?rest_route=%2Fwp%2Fv2%2Fcomments&post=13106"}],"version-history":[{"count":3,"href":"https:\/\/library.usm.md\/index.php?rest_route=\/wp\/v2\/pages\/13106\/revisions"}],"predecessor-version":[{"id":13310,"href":"https:\/\/library.usm.md\/index.php?rest_route=\/wp\/v2\/pages\/13106\/revisions\/13310"}],"wp:attachment":[{"href":"https:\/\/library.usm.md\/index.php?rest_route=%2Fwp%2Fv2%2Fmedia&parent=13106"}],"curies":[{"name":"wp","href":"https:\/\/api.w.org\/{rel}","templated":true}]}}