{"id":12455,"date":"2022-09-19T12:36:12","date_gmt":"2022-09-19T09:36:12","guid":{"rendered":"https:\/\/library.usm.md\/?page_id=12455"},"modified":"2025-04-07T16:12:37","modified_gmt":"2025-04-07T13:12:37","slug":"12455-2","status":"publish","type":"page","link":"https:\/\/library.usm.md\/?page_id=12455","title":{"rendered":"Structura"},"content":{"rendered":"<p style=\"font-weight: 400;\"><span style=\"color: #333333;\"><strong><b>Administra\u021bie<\/b><\/strong><\/span><\/p>\n<p style=\"font-weight: 400;\"><span style=\"color: #333333;\"><em><i>\u0218ef bibliotec\u0103<\/i><\/em>: <strong><b>Dogoter Lilia<\/b><\/strong><\/span><\/p>\n<p style=\"font-weight: 400;\"><span style=\"color: #333333;\"><em><i>Telefon:<\/i><\/em>\u00a0067560300<\/span><\/p>\n<p style=\"font-weight: 400;\"><span style=\"color: #333333;\"><em><i>E-mail:<\/i><\/em>\u00a0<span style=\"color: #0000ff;\">lilia.dogoter@usm.md<\/span><\/span><\/p>\n<p>&nbsp;<\/p>\n<p style=\"font-weight: 400;\"><span style=\"color: #333333;\"><strong><b>Serviciul Dezvoltarea \u0219i conservarea colec\u021biilor<\/b><\/strong><\/span><\/p>\n<p style=\"font-weight: 400;\"><span style=\"color: #333333;\"><em><i>\u0218ef serviciu: <\/i><\/em><strong>Ol\u0103ra\u0219u Lidia<\/strong><\/span><\/p>\n<p style=\"font-weight: 400;\"><span style=\"color: #333333;\"><em><i>Telefon: <\/i><\/em>067560322<\/span><\/p>\n<p><span style=\"color: #333333;\"><em>E-mail: <\/em><span style=\"color: #0000ff;\">lidia.olarasu@usm.md<\/span><\/span><\/p>\n<p style=\"font-weight: 400;\"><span style=\"color: #333333;\"><strong><em><b><i>Direc\u021bii de activitate:<\/i><\/b><\/em><\/strong><\/span><\/p>\n<ul>\n<li><span style=\"color: #333333;\">Achizi\u021bii de documente<\/span><\/li>\n<li><span style=\"color: #333333;\">Eviden\u021ba colec\u021biilor<\/span><\/li>\n<li><span style=\"color: #333333;\">Casarea documentelor<\/span><\/li>\n<li><span style=\"color: #333333;\">Organizarea \u0219i conservarea colec\u021biilor<\/span><\/li>\n<li><span style=\"color: #333333;\">Consultan\u021b\u0103 \u0219i asisten\u021b\u0103 informa\u021bional\u0103<\/span><\/li>\n<li><span style=\"color: #333333;\">\u00cemprumut de documente \u00een s\u0103lile de lectur\u0103:<\/span><\/li>\n<\/ul>\n<p style=\"font-weight: 400;\"><a href=\"https:\/\/library.usm.md\/?page_id=13082\" target=\"_blank\" rel=\"noopener\"><span style=\"color: #0000ff;\"><strong>Vezi mai multe<\/strong><\/span><\/a><\/p>\n<p>&nbsp;<\/p>\n<p style=\"font-weight: 400;\"><span style=\"color: #333333;\"><strong><b>Serviciul Catalogare \u0219i indexare. Informare bibliografic\u0103<\/b><\/strong><\/span><\/p>\n<p style=\"font-weight: 400;\"><span style=\"color: #333333;\"><em><i>\u0218ef serviciu<\/i><\/em>: <strong><b>Cojuhari Alexandra<\/b><\/strong><\/span><\/p>\n<p style=\"font-weight: 400;\"><span style=\"color: #333333;\"><em><i>Telefon:<\/i><\/em><strong><b>\u00a0<\/b><\/strong>067560295<\/span><\/p>\n<p style=\"font-weight: 400;\"><span style=\"color: #333333;\"><em><i>E-mail:<\/i><\/em>\u00a0<span style=\"color: #0000ff;\">alexandra.cojuhari@usm.md<\/span><\/span><\/p>\n<p style=\"font-weight: 400;\"><span style=\"color: #333333;\"><strong><em><b><i>Direc\u021bii de activitate:<\/i><\/b><\/em><\/strong><\/span><\/p>\n<ul>\n<li><span style=\"color: #333333;\">Catalogare \u0219i indexare<\/span><\/li>\n<li><span style=\"color: #333333;\">Organizarea cataloagelor<\/span><\/li>\n<li><span style=\"color: #333333;\">Informare bibliografic\u0103<\/span><\/li>\n<li><span style=\"color: #333333;\">Cercet\u0103ri bibliografice la solicitare<\/span><\/li>\n<li><span style=\"color: #333333;\">Atribuirea indicilor CZU la teze de doctor \u0219i articole \u0219tiin\u021bifice<\/span><\/li>\n<li><span style=\"color: #333333;\">Participarea la formarea competen\u021belor utilizatorilor \u00een cultura informa\u021biei<\/span><\/li>\n<li><span style=\"color: #333333;\">Servicii de referin\u021be \u0219i consultan\u021b\u0103:<\/span><\/li>\n<\/ul>\n<p style=\"font-weight: 400;\"><span style=\"color: #0000ff;\"><a style=\"color: #0000ff;\" href=\"https:\/\/library.usm.md\/?page_id=13088\" target=\"_blank\" rel=\"noopener\"><strong>Vezi mai multe<\/strong><\/a><\/span><\/p>\n<p>&nbsp;<\/p>\n<p style=\"font-weight: 400;\"><span style=\"color: #333333;\"><strong><b>Serviciul Comunicarea \u0219i valorificarea colec\u021biilor<\/b><\/strong><\/span><\/p>\n<p style=\"font-weight: 400;\"><span style=\"color: #333333;\"><em><i>\u0218ef serviciu<\/i><\/em>: <strong><b>Grigori\u021b\u0103 Nata<\/b><\/strong><\/span><\/p>\n<p style=\"font-weight: 400;\"><span style=\"color: #333333;\"><em><i>Telefon:<\/i><\/em> 067560238<\/span><\/p>\n<p style=\"font-weight: 400;\"><span style=\"color: #333333;\"><em><i>E-mail:<\/i><\/em>\u00a0<span style=\"color: #0000ff;\">nata.grigorita@usm.md<\/span><\/span><\/p>\n<p style=\"font-weight: 400;\"><span style=\"color: #333333;\"><strong><em><b><i>Direc\u021bii de activitate:<\/i><\/b><\/em><\/strong><\/span><\/p>\n<ul>\n<li><span style=\"color: #333333;\">Organizarea \u0219i comunicarea colec\u021biilor<\/span><\/li>\n<li><span style=\"color: #333333;\">Consultan\u021b\u0103 \u0219i asisten\u021b\u0103 informa\u021bional\u0103<\/span><\/li>\n<li><span style=\"color: #333333;\">Activit\u0103\u021bi culturale \u0219i de informare<\/span><\/li>\n<li><span style=\"color: #333333;\">Servicii de consultare \u0219i \u00eemprumut de documente:<\/span><\/li>\n<\/ul>\n<p style=\"font-weight: 400;\"><span style=\"color: #0000ff;\"><a style=\"color: #0000ff;\" href=\"https:\/\/library.usm.md\/?page_id=13095\" target=\"_blank\" rel=\"noopener\"><strong>Vezi mai multe<\/strong><\/a><\/span><\/p>\n<p style=\"font-weight: 400;\"><span style=\"color: #333333;\"><strong><b>\u00a0<\/b><\/strong><\/span><\/p>\n<p style=\"font-weight: 400;\"><span style=\"color: #333333;\"><strong><b>Serviciul Informatizare<\/b><\/strong><\/span><\/p>\n<p style=\"font-weight: 400;\"><span style=\"color: #333333;\"><em><i>\u0218ef serviciu: <\/i><\/em><strong><b>Corovai Alla<\/b><\/strong><\/span><\/p>\n<p><span style=\"color: #333333;\"><em>Telefon:<\/em> 067318319<\/span><\/p>\n<p style=\"font-weight: 400;\"><span style=\"color: #333333;\"><em><i>E-mail:<\/i><\/em> <span style=\"color: #0000ff;\">alla.corovai@usm.md<\/span><\/span><\/p>\n<p style=\"font-weight: 400;\"><span style=\"color: #333333;\"><strong><em><b><i>Direc\u021bii de activitate:<\/i><\/b><\/em><\/strong><\/span><\/p>\n<ul>\n<li><span style=\"color: #333333;\">Gestionarea, la nivel local, a sistemului specializat de bibliotec\u0103 ALEPH<\/span><\/li>\n<li><span style=\"color: #333333;\">Dezvoltarea \u0219i administrarea Repozitoriului Institu\u021bional USM<\/span><\/li>\n<li><span style=\"color: #333333;\">\u00centre\u021binerea \u0219i actualizarea website-ului Bibliotecii \u00a0<\/span><\/li>\n<li><span style=\"color: #333333;\">Asigurarea func\u021bionalit\u0103\u021bii re\u021belei locale \u0219i echipamentelor Bibliotecii<\/span><\/li>\n<li><span style=\"color: #333333;\">Consultarea utilizatorilor privind accesarea resurselor informa\u021bionale<\/span><\/li>\n<li><span style=\"color: #333333;\">Livrare electronic\u0103 de documente<\/span><\/li>\n<li><span style=\"color: #333333;\">Formarea competen\u021belor utilizatorilor privind accesarea resurselor \u0219i instrumentelor informa\u021bionale (catalog electronic, repozitorii institu\u021bionale, baze de date etc.)<\/span><\/li>\n<li><span style=\"color: #333333;\">Asigurarea accesului la echipamente:<\/span><\/li>\n<\/ul>\n<p style=\"font-weight: 400;\"><span style=\"color: #0000ff;\"><a style=\"color: #0000ff;\" href=\"https:\/\/library.usm.md\/?page_id=13099\" target=\"_blank\" rel=\"noopener\"><strong>Vezi mai multe<\/strong><\/a><\/span><\/p>\n<p>&nbsp;<\/p>\n<p style=\"font-weight: 400;\"><span style=\"color: #333333;\"><strong><b>Oficiul Activitate metodologic\u0103<\/b><\/strong><\/span><\/p>\n<p style=\"font-weight: 400;\"><span style=\"color: #333333;\"><em><i>Bibliotecar principal<\/i><\/em>: <strong><b>Zasmenco Ecaterina<\/b><\/strong><\/span><\/p>\n<p><span style=\"color: #333333;\"><em>Telefon:<\/em> 067560423<\/span><\/p>\n<p style=\"font-weight: 400;\"><span style=\"color: #333333;\"><em><i>E-mail:<\/i><\/em>\u00a0<span style=\"color: #0000ff;\">ecaterina.zasmenco@usm.md<\/span><\/span><\/p>\n<p style=\"font-weight: 400;\"><span style=\"color: #333333;\"><strong><em><b><i>Direc\u021bii de activitate:<\/i><\/b><\/em><\/strong><\/span><\/p>\n<ul>\n<li><span style=\"color: #333333;\">Elaborarea \u0219i implementarea cadrului de reglementare al bibliotecii<\/span><\/li>\n<li><span style=\"color: #333333;\">Asisten\u021b\u0103 metodologic\u0103 pentru bibliotecile din re\u021beaua institu\u021biilor de \u00eenv\u0103\u021b\u0103m\u00e2nt superior<\/span><\/li>\n<li><span style=\"color: #333333;\">Elaborarea \u015fi diseminarea informa\u0163iilor statistice privind activitatea bibliotecar\u0103 din re\u0163ea<\/span><\/li>\n<\/ul>\n<p style=\"font-weight: 400;\"><span style=\"color: #0000ff;\"><a style=\"color: #0000ff;\" href=\"https:\/\/library.usm.md\/?page_id=13106\" target=\"_blank\" rel=\"noopener\"><strong>Vezi mai multe<\/strong><\/a><\/span><\/p>\n<p style=\"font-weight: 400;\">\n","protected":false},"excerpt":{"rendered":"<p>Administra\u021bie \u0218ef bibliotec\u0103: Dogoter Lilia Telefon:\u00a0067560300 E-mail:\u00a0lilia.dogoter@usm.md &nbsp; Serviciul Dezvoltarea \u0219i conservarea colec\u021biilor \u0218ef serviciu: Ol\u0103ra\u0219u Lidia Telefon: 067560322 E-mail: lidia.olarasu@usm.md Direc\u021bii de activitate: Achizi\u021bii de documente Eviden\u021ba colec\u021biilor Casarea documentelor Organizarea \u0219i conservarea colec\u021biilor Consultan\u021b\u0103 \u0219i asisten\u021b\u0103 informa\u021bional\u0103 \u00cemprumut de documente \u00een s\u0103lile de lectur\u0103: Vezi mai multe &nbsp; Serviciul Catalogare \u0219i indexare. Informare&hellip; <br \/> <a class=\"read-more\" href=\"https:\/\/library.usm.md\/?page_id=12455\">Cite\u0219te mai mult<\/a><\/p>\n","protected":false},"author":1,"featured_media":0,"parent":0,"menu_order":0,"comment_status":"closed","ping_status":"closed","template":"","meta":{"footnotes":""},"class_list":["post-12455","page","type-page","status-publish","hentry"],"rttpg_featured_image_url":null,"rttpg_author":{"display_name":"","author_link":"https:\/\/library.usm.md\/?author=1"},"rttpg_comment":0,"rttpg_category":null,"rttpg_excerpt":"Administra\u021bie \u0218ef bibliotec\u0103: Dogoter Lilia Telefon:\u00a0067560300 E-mail:\u00a0lilia.dogoter@usm.md &nbsp; Serviciul Dezvoltarea \u0219i conservarea colec\u021biilor \u0218ef serviciu: Ol\u0103ra\u0219u Lidia Telefon: 067560322 E-mail: lidia.olarasu@usm.md Direc\u021bii de activitate: Achizi\u021bii de documente Eviden\u021ba colec\u021biilor Casarea documentelor Organizarea \u0219i conservarea colec\u021biilor Consultan\u021b\u0103 \u0219i asisten\u021b\u0103 informa\u021bional\u0103 \u00cemprumut de documente \u00een s\u0103lile de lectur\u0103: Vezi mai multe &nbsp; Serviciul Catalogare \u0219i indexare. Informare&hellip;&hellip;","_links":{"self":[{"href":"https:\/\/library.usm.md\/index.php?rest_route=\/wp\/v2\/pages\/12455","targetHints":{"allow":["GET"]}}],"collection":[{"href":"https:\/\/library.usm.md\/index.php?rest_route=\/wp\/v2\/pages"}],"about":[{"href":"https:\/\/library.usm.md\/index.php?rest_route=\/wp\/v2\/types\/page"}],"author":[{"embeddable":true,"href":"https:\/\/library.usm.md\/index.php?rest_route=\/wp\/v2\/users\/1"}],"replies":[{"embeddable":true,"href":"https:\/\/library.usm.md\/index.php?rest_route=%2Fwp%2Fv2%2Fcomments&post=12455"}],"version-history":[{"count":23,"href":"https:\/\/library.usm.md\/index.php?rest_route=\/wp\/v2\/pages\/12455\/revisions"}],"predecessor-version":[{"id":13462,"href":"https:\/\/library.usm.md\/index.php?rest_route=\/wp\/v2\/pages\/12455\/revisions\/13462"}],"wp:attachment":[{"href":"https:\/\/library.usm.md\/index.php?rest_route=%2Fwp%2Fv2%2Fmedia&parent=12455"}],"curies":[{"name":"wp","href":"https:\/\/api.w.org\/{rel}","templated":true}]}}