{"id":12314,"date":"2022-03-30T15:35:46","date_gmt":"2022-03-30T12:35:46","guid":{"rendered":"https:\/\/library.usm.md\/?page_id=12314"},"modified":"2025-09-10T13:20:07","modified_gmt":"2025-09-10T10:20:07","slug":"intrebari-frecvente","status":"publish","type":"page","link":"https:\/\/library.usm.md\/?page_id=12314","title":{"rendered":"\u00centreb\u0103ri frecvente"},"content":{"rendered":"<h1 style=\"text-align: center;\"><span style=\"color: #808000;\"><strong>Q &amp; A &#8211; \u00centrebari \u0219i R\u0103spunsuri<\/strong><\/span><\/h1>\n<p style=\"text-align: justify;\"><strong>\u00a0<\/strong><\/p>\n<div style=\"text-align: justify;\"><span style=\"color: #808000;\"><strong>Q &#8211; Cine\u00a0 poate deveni utilizator al Bibliotecii?<\/strong><\/span><\/div>\n<div style=\"text-align: justify;\"><span style=\"color: #808000;\"><strong>A<\/strong><\/span> &#8211; <span style=\"color: #333333;\">Utilizatori ai Bibliotecii Centrale Universitare pot deveni studentii, cadrele didactice, cercetatorii, alte categorii de salaria\u021bi din institu\u021bie precum \u0219i din afara acesteia.<\/span><\/div>\n<div><\/div>\n<p>&nbsp;<\/p>\n<div style=\"text-align: justify;\"><span style=\"color: #808000;\"><strong>Q<\/strong><strong> &#8211; Unde g\u0103sesc Biblioteca?<\/strong><\/span><\/div>\n<div style=\"text-align: justify;\"><span style=\"color: #808000;\"><strong>A <\/strong><\/span><strong>&#8211; <\/strong><span style=\"color: #333333;\">Cum este amplasat\u0103 Biblioteca pute\u021bi afla consult\u00e2nd ghidul<\/span> <a href=\"https:\/\/library.usm.md\/?page_id=12310\">https:\/\/library.usm.md\/?page_id=12310<\/a><\/div>\n<p>&nbsp;<\/p>\n<div style=\"text-align: justify;\"><span style=\"color: #808000;\"><strong>Q &#8211; Cum pot avea acces la serviciile Bibliotecii?<\/strong><\/span><\/div>\n<div style=\"text-align: justify;\"><strong><span style=\"color: #808000;\">A<\/span> &#8211;<\/strong> <span style=\"color: #333333;\">Accesul \u00een Bibliotec\u0103 este oferit \u00een baza carnetului de student, carnetului de note, legitimatiei de colaborator sau a unui alt act de identitate original \u00een cazul utilizatorilor externi (buletin, pa\u0219aport).<\/span><\/div>\n<p>&nbsp;<\/p>\n<div style=\"text-align: justify;\"><span style=\"color: #808000;\"><strong>Q &#8211; Cum g\u0103sesc publica\u0163iile de care am nevoie?<\/strong><\/span><\/div>\n<div style=\"text-align: justify;\"><span style=\"color: #808000;\"><strong>A<\/strong><\/span> <span style=\"color: #333333;\">&#8211; Informa\u021biile necesare le pute\u021bi g\u0103si acces\u00e2nd: catalogul tradi\u021bional (pe fi\u0219e), catalogul electronic, Repozitoriul Institu\u021bional USM, bazele de date. \u00cen cazul, \u00een care \u00eent\u00e2mpina\u021bi dificult\u0103\u0163i &#8211; \u00eentreba\u0163i bibliotecarul.<\/span><\/div>\n<p>&nbsp;<\/p>\n<div style=\"text-align: justify;\"><span style=\"color: #808000;\"><strong>Q &#8211; Unde \u0219i c\u00e2nd poate fi consultat catalogul tradi\u021bional al Bibliotecii?<\/strong><\/span><\/div>\n<div style=\"text-align: justify;\"><strong><span style=\"color: #808000;\">A<\/span> &#8211; <\/strong><span style=\"color: #333333;\">Catalogul tradi\u021bional poate fi consultat \u00een Sala de cataloage (Blocul 1, bir. 23, str. M. Kog\u0103lniceanu 65), de luni p\u00e2na vineri \u00een intervalul orar 08:00\u201317:00.<\/span><\/div>\n<p>&nbsp;<\/p>\n<div style=\"text-align: justify;\"><span style=\"color: #808000;\"><strong>Q &#8211; Ce ofer\u0103 catalogul tradi\u021bional?<\/strong><\/span><\/div>\n<div style=\"text-align: justify;\"><span style=\"color: #808000;\"><strong>A<\/strong><\/span> &#8211; <span style=\"color: #333333;\">Catalogul tradi\u021bional ofer\u0103 informa\u021bii privind documentele din colec\u021biile Bibliotecii Centrale USM, p\u00e2n\u0103 \u00een anul 2010. Dup\u0103 aceast\u0103 dat\u0103, func\u0163iile catalogului tradi\u021bional au fost preluate \u00een totalitate de catalogul on-line.<\/span><\/div>\n<p style=\"text-align: justify;\"><strong>\u00a0<\/strong><\/p>\n<div style=\"text-align: justify;\"><span style=\"color: #808000;\"><strong>Q &#8211; Catalogul electronic al Bibliotecii poate fi consultat de la distan\u021b\u0103?<\/strong><\/span><\/div>\n<div style=\"text-align: justify;\"><strong><span style=\"color: #808000;\">A<\/span> &#8211; <\/strong><span style=\"color: #333333;\">Catalogul Bibliotecii este disponibil on-line, pe pagina web a bibliotecii sau la adresa:<\/span> <a href=\"http:\/\/primo.libuniv.md\/\">http:\/\/primo.libuniv.md\/<\/a><\/div>\n<p>&nbsp;<\/p>\n<div style=\"text-align: justify;\"><span style=\"color: #808000;\"><strong>Q &#8211; Ce con\u021bine catalogul on-line al Bibliotecii?<\/strong><\/span><\/div>\n<div style=\"text-align: justify;\"><span style=\"color: #808000;\"><strong>A<\/strong><\/span> &#8211; <span style=\"color: #333333;\">Catalogul on-line con\u021bine descrierile bibliografice \u0219i par\u021bial reproducerile textului integral al publica\u021biilor aflate \u00een colec\u021biile Bibliotecii, precum \u0219i descrierile articolelor \u0219tiin\u021bifice din reviste \u0219i culegeri colective. Este un catalog electronic partajat\/colectiv \u0219i \u00eentrune\u015fte bazele de date a \u0219apte biblioteci universitare din \u021bar\u0103.<\/span><\/div>\n<p>&nbsp;<\/p>\n<div style=\"text-align: justify;\"><span style=\"color: #808000;\"><strong>Q<\/strong><strong> &#8211; Ce reprezint\u0103 activitatea de informare bibliografic\u0103?<\/strong><\/span><\/div>\n<div style=\"text-align: justify;\"><span style=\"color: #808000;\"><strong>A<\/strong><\/span> &#8211; <span style=\"color: #333333;\">Activitatea de informarea bibliografic\u0103 are drept scop satisfacerea nevoilor de informare ale utilizatorilor, asisten\u021ba \u0219i orientarea lor \u00een c\u0103utarea\/reg\u0103sirea, accesarea, utilizarea etic\u0103 \u0219i corect\u0103 a informa\u021biei.<\/span><\/div>\n<p>&nbsp;<\/p>\n<div style=\"text-align: justify;\"><span style=\"color: #808000;\"><strong>Q &#8211;<\/strong> <strong>Ce \u00eenseamn\u0103 o cercetare bibliografic\u0103?<\/strong><\/span><\/div>\n<div style=\"text-align: justify;\"><span style=\"color: #808000;\"><strong>A<\/strong><\/span> &#8211; <span style=\"color: #333333;\">Cercetarile bibliografice se refer\u0103 la bibliografiile standard, furnizate de Bibliotec\u0103, ca rezultat al procesului de c\u0103utare \u0219i de reg\u0103sire a informa\u021biilor solicitate de utilizatori.<\/span><\/div>\n<p>&nbsp;<\/p>\n<div style=\"text-align: justify;\"><span style=\"color: #808000;\"><strong>Q<\/strong><strong> &#8211; Ce este o referin\u0163\u0103 bibliografic\u0103? <\/strong><\/span><\/div>\n<div style=\"text-align: justify;\"><span style=\"color: #808000;\"><strong>A<\/strong><\/span> &#8211; <span style=\"color: #333333;\">Referin\u021ba bibliografic\u0103 reprezint\u0103 datele, care descriu o resurs\u0103 de informare (sau o parte a ei) citat\u0103 \u00eentr-o lucrare, \u00een baza c\u0103rora aceasta poate fi identificat\u0103 \u0219i localizat\u0103.<\/span><\/div>\n<p style=\"text-align: justify;\"><strong>\u00a0<\/strong><\/p>\n<div style=\"text-align: justify;\"><span style=\"color: #808000;\"><strong>Q &#8211; Cum pot \u00eemprumuta c\u0103r\u0163i sau alte publica\u0163ii din colec\u0163iile Bibliotecii?<\/strong><\/span><\/div>\n<div style=\"text-align: justify;\"><span style=\"color: #808000;\"><strong>A<\/strong><\/span> &#8211; <span style=\"color: #333333;\">Biblioteca pune la dispozi\u021bie colec\u021bii de documente, destinate \u00eemprumutului individual \u00een s\u0103lile de lectur\u0103 \u0219i la domiciliu. Drept de \u00eemprumut la domiciliu au, \u00een exclusivitate, studen\u021bii, cadrele didactice, cercet\u0103torii \u0219i al\u021bi salaria\u021bi ai USM.<\/span><\/div>\n<p style=\"text-align: justify;\"><strong>\u00a0<\/strong><\/p>\n<div style=\"text-align: justify;\"><span style=\"color: #808000;\"><strong>Q \u2013 Biblioteca dispune de colec\u021bii \u00een acces liber la raft?<\/strong><\/span><\/div>\n<div style=\"text-align: justify;\"><strong><span style=\"color: #808000;\">A<\/span> \u2013 <\/strong><span style=\"color: #333333;\">Da, Biblioteca dispune de s\u0103li de lectur\u0103 specializate cu acces liber la raft.<\/span><\/div>\n<p style=\"text-align: justify;\"><strong>\u00a0<\/strong><\/p>\n<div style=\"text-align: justify;\"><span style=\"color: #808000;\"><strong>Q &#8211; C\u00e2te documente pot solicita simultan?<\/strong><\/span><\/div>\n<div style=\"text-align: justify;\"><span style=\"color: #808000;\"><strong>A<\/strong><\/span> &#8211; <span style=\"color: #333333;\">Simultan pot fi solicitate 5-7 documente.<\/span><\/div>\n<p style=\"text-align: justify;\"><strong>\u00a0<\/strong><\/p>\n<div style=\"text-align: justify;\"><span style=\"color: #808000;\"><strong>Q &#8211; Cum \u00eemi ocup timpul p\u00e2n\u0103 \u00eemi sunt aduse c\u0103r\u021bile din depozit?<\/strong><\/span><\/div>\n<div style=\"text-align: justify;\"><span style=\"color: #808000;\"><strong>A<\/strong><\/span> &#8211; <span style=\"color: #333333;\">P\u00e2n\u0103 la primirea c\u0103r\u021bilor solicitate din depozite, utilizatorii pot consulta colec\u021bia aflat\u0103 \u00een acces liber la raft sau pot vizita expozi\u021biile \u00een curs, organizate \u00een s\u0103lile de lectur\u0103.<\/span><\/div>\n<p>&nbsp;<\/p>\n<div style=\"text-align: justify;\"><span style=\"color: #808000;\"><strong>Q &#8211; Pot rezerva documentele de pe o zi pe cealalt\u0103 \u00een sala de lectur\u0103?<\/strong><\/span><\/div>\n<div style=\"text-align: justify;\"><span style=\"color: #808000;\"><strong>A<\/strong><\/span> &#8211; <span style=\"color: #333333;\">Da, pute\u021bi rezerva documentele, anun\u021b\u00e2nd, \u00een acest sens, bibliotecarul.<\/span><\/div>\n<p>&nbsp;<\/p>\n<div style=\"text-align: justify;\"><span style=\"color: #808000;\"><strong>Q &#8211; Pot fi scoase publicatiile din s\u0103lile de lectur\u0103 pentru xerocopiere?<\/strong><\/span><\/div>\n<div style=\"text-align: justify;\"><strong><span style=\"color: #808000;\">A<\/span>\u00a0<\/strong>&#8211; <span style=\"color: #333333;\">Publica\u0163iile primite spre consultare \u00een s\u0103lile de lectur\u0103 pot fi scoase pentru efectuarea copiilor xerox doar cu permisiunea bibliotecarului.<\/span><\/div>\n<p>&nbsp;<\/p>\n<div style=\"text-align: justify;\"><span style=\"color: #808000;\"><strong>Q &#8211; Pot fotografia anumite pagini din c\u0103r\u021bile pe care le-am solicitat?<\/strong><\/span><\/div>\n<div style=\"text-align: justify;\"><strong><span style=\"color: #808000;\">A<\/span> &#8211;<\/strong> <span style=\"color: #333333;\">Da, orice utilizator poate fotografia \u00een sala de lectur\u0103 din titlurile solicitate, dup\u0103 ce informeaz\u0103, \u00een acest sens, bibliotecarul. Aceste imagini vor fi folosite doar \u00een scop de cercetare, informare sau studiu, f\u0103r\u0103 a prejudicia autorul de drept al lucr\u0103rii respective.<\/span><\/div>\n<p>&nbsp;<\/p>\n<div style=\"text-align: justify;\"><span style=\"color: #808000;\"><strong>Q &#8211; <\/strong><strong>Cum procedez \u00een cazul c\u00e2nd am pierdut cartea \u00eemprumutat\u0103 de la Bibliotec\u0103?<\/strong><\/span><\/div>\n<div style=\"text-align: justify;\"><span style=\"color: #808000;\"><strong>A<\/strong><\/span> &#8211; <span style=\"color: #333333;\">\u00cen cazul pierderii unui document \u00eemprumutat de la Bibliotec\u0103, trebuie s\u0103 anun\u0163a\u021bi bibliotecarul.<\/span><\/div>\n<p>&nbsp;<\/p>\n<div style=\"text-align: justify;\"><span style=\"color: #808000;\"><strong>Q &#8211; Biblioteca ofer\u0103 acces la bazele de date EBSCO \u0219i, dac\u0103 da, cum le putem utiliza?<\/strong><\/span><\/div>\n<div style=\"text-align: justify;\"><strong><span style=\"color: #808000;\">A<\/span> &#8211;<\/strong> <span style=\"color: #333333;\">Platforma EBSCO o pute\u021bi utiliza din campusul universitar, inclusiv din sala de calculatoare a Bibliotecii.<\/span><\/div>\n<p>&nbsp;<\/p>\n<div style=\"text-align: justify;\"><span style=\"color: #808000;\"><strong>Q \u2013 Cum pot accesa Repozitoriul Institu\u021bional?<\/strong><\/span><\/div>\n<div style=\"text-align: justify;\"><span style=\"color: #808000;\"><strong>A <\/strong><\/span>\u2013 <span style=\"color: #333333;\">Repozitoriul Institu\u021bional USM poate fi accesat de pe pagina de start a Bibliotecii sau urm\u00e2nd link-ul<\/span> <a href=\"https:\/\/msuir.usm.md\">https:\/\/msuir.usm.md<\/a><\/div>\n<p>&nbsp;<\/p>\n<div style=\"text-align: justify;\"><span style=\"color: #808000;\"><strong>Q &#8211; Serviciile s\u0103lii de calculatoare a Bibliotecii sunt gratuite \u0219i p\u00e2n\u0103 la ce or\u0103 este deschis\u0103 sala?<\/strong><\/span><\/div>\n<div style=\"text-align: justify;\"><span style=\"color: #808000;\"><strong>A<\/strong><\/span> &#8211; <span style=\"color: #333333;\">Serviciile s\u0103lii de calculatoare sunt gratuite. Sala este deschis\u0103 de luni p\u00een\u0103 vineri \u00eentre orele 8.00-17.00, s\u00e2mb\u0103t\u0103 \u0219i duminic\u0103 &#8211; f\u0103r\u0103 program.<\/span><\/div>\n<p style=\"text-align: justify;\"><strong>\u00a0<\/strong><\/p>\n<div style=\"text-align: justify;\"><span style=\"color: #808000;\"><strong>Q \u2013 Cum pot ob\u021bine indexul CZU la lucrarea \u0219tiin\u021bific\u0103?<\/strong><\/span><\/div>\n<div style=\"text-align: justify;\"><strong><span style=\"color: #808000;\">A<\/span> \u2013 <\/strong><span style=\"color: #333333;\">Indexul CZU poate fi ob\u021binut \u00een serviciul <strong><em>Catalogare \u0219i indexare. Informare bibliografic\u0103,<\/em><\/strong> amplasat \u00een Blocul I, et.2, bir.3 din str. M. Kog\u0103lniceanu 65.<\/span><\/div>\n<p>&nbsp;<\/p>\n<div style=\"text-align: justify;\"><span style=\"color: #808000;\"><strong>Q &#8211; Care este procedura de depunere a tezei de doctor \u00een colec\u021bia Bibliotecii \u0219i ob\u021binere a adeverin\u021bei?<\/strong><\/span><\/div>\n<div style=\"text-align: justify;\"><strong><span style=\"color: #808000;\">A<\/span> \u2013<\/strong> <span style=\"color: #333333;\">Adeverin\u021ba poate fi ob\u021binut\u0103 dup\u0103 depunerea tezei de doctor (format tip\u0103rit \u0219i electronic (PDF) \u00een serviciul <strong><em>Dezvoltarea \u0219i conservarea colec\u021biilor<\/em><\/strong>, amplasat \u00een Blocul I, et.2, bir.5 din str. M. Kog\u0103lniceanu 65.<\/span><\/div>\n<p style=\"text-align: justify;\"><strong>\u00a0<\/strong><\/p>\n<div style=\"text-align: justify;\"><span style=\"color: #808000;\"><strong>Q &#8211; Cum m\u0103 informez despre activit\u0103\u021bile, organizate de Bibliotec\u0103 \u0219i cum pot participa la ele?<\/strong><\/span><\/div>\n<div style=\"text-align: justify;\"><strong><span style=\"color: #808000;\">A<\/span> &#8211; <\/strong><span style=\"color: #333333;\">At\u00e2t informa\u0163iile privind evenimentele \u0219i activit\u0103\u021bile, organizate de Bibliotec\u0103, c\u00e2t \u0219i cele privind modalitatea de a participa la acestea sunt afi\u0219ate pe site-ul Bibliotecii<\/span> <a href=\"http:\/\/www.library.usm.md\">www.library.usm.md<\/a> <span style=\"color: #333333;\">sau pagina de Facebook<\/span> <a href=\"https:\/\/www.facebook.com\/bcu.usm\">https:\/\/www.facebook.com\/bcu.usm<\/a><\/div>\n","protected":false},"excerpt":{"rendered":"<p>Q &amp; A &#8211; \u00centrebari \u0219i R\u0103spunsuri \u00a0 Q &#8211; Cine\u00a0 poate deveni utilizator al Bibliotecii? A &#8211; Utilizatori ai Bibliotecii Centrale Universitare pot deveni studentii, cadrele didactice, cercetatorii, alte categorii de salaria\u021bi din institu\u021bie precum \u0219i din afara acesteia. &nbsp; Q &#8211; Unde g\u0103sesc Biblioteca? A &#8211; Cum este amplasat\u0103 Biblioteca pute\u021bi afla consult\u00e2nd&hellip; <br \/> <a class=\"read-more\" href=\"https:\/\/library.usm.md\/?page_id=12314\">Cite\u0219te mai mult<\/a><\/p>\n","protected":false},"author":1,"featured_media":0,"parent":0,"menu_order":0,"comment_status":"closed","ping_status":"closed","template":"","meta":{"footnotes":""},"class_list":["post-12314","page","type-page","status-publish","hentry"],"rttpg_featured_image_url":null,"rttpg_author":{"display_name":"","author_link":"https:\/\/library.usm.md\/?author=1"},"rttpg_comment":0,"rttpg_category":null,"rttpg_excerpt":"Q &amp; A &#8211; \u00centrebari \u0219i R\u0103spunsuri \u00a0 Q &#8211; Cine\u00a0 poate deveni utilizator al Bibliotecii? A &#8211; Utilizatori ai Bibliotecii Centrale Universitare pot deveni studentii, cadrele didactice, cercetatorii, alte categorii de salaria\u021bi din institu\u021bie precum \u0219i din afara acesteia. &nbsp; Q &#8211; Unde g\u0103sesc Biblioteca? A &#8211; Cum este amplasat\u0103 Biblioteca pute\u021bi afla consult\u00e2nd&hellip;&hellip;","_links":{"self":[{"href":"https:\/\/library.usm.md\/index.php?rest_route=\/wp\/v2\/pages\/12314","targetHints":{"allow":["GET"]}}],"collection":[{"href":"https:\/\/library.usm.md\/index.php?rest_route=\/wp\/v2\/pages"}],"about":[{"href":"https:\/\/library.usm.md\/index.php?rest_route=\/wp\/v2\/types\/page"}],"author":[{"embeddable":true,"href":"https:\/\/library.usm.md\/index.php?rest_route=\/wp\/v2\/users\/1"}],"replies":[{"embeddable":true,"href":"https:\/\/library.usm.md\/index.php?rest_route=%2Fwp%2Fv2%2Fcomments&post=12314"}],"version-history":[{"count":12,"href":"https:\/\/library.usm.md\/index.php?rest_route=\/wp\/v2\/pages\/12314\/revisions"}],"predecessor-version":[{"id":13489,"href":"https:\/\/library.usm.md\/index.php?rest_route=\/wp\/v2\/pages\/12314\/revisions\/13489"}],"wp:attachment":[{"href":"https:\/\/library.usm.md\/index.php?rest_route=%2Fwp%2Fv2%2Fmedia&parent=12314"}],"curies":[{"name":"wp","href":"https:\/\/api.w.org\/{rel}","templated":true}]}}