{"id":12308,"date":"2022-03-30T15:34:27","date_gmt":"2022-03-30T12:34:27","guid":{"rendered":"https:\/\/library.usm.md\/?page_id=12308"},"modified":"2025-04-07T16:17:40","modified_gmt":"2025-04-07T13:17:40","slug":"program","status":"publish","type":"page","link":"https:\/\/library.usm.md\/?page_id=12308","title":{"rendered":"Program"},"content":{"rendered":"<p><span style=\"color: #333333;\"><strong>Biblioteca Central\u0103 func\u021bioneaz\u0103 conform programului:<\/strong><\/span><\/p>\n<p><span style=\"color: #333333;\">Luni-vineri 08.00-17.00<\/span><\/p>\n<p><span style=\"color: #333333;\">S\u00e2mb\u0103t\u0103, duminic\u0103 f\u0103r\u0103 program<\/span><\/p>\n","protected":false},"excerpt":{"rendered":"<p>Biblioteca Central\u0103 func\u021bioneaz\u0103 conform programului: Luni-vineri 08.00-17.00 S\u00e2mb\u0103t\u0103, duminic\u0103 f\u0103r\u0103 program<\/p>\n","protected":false},"author":1,"featured_media":0,"parent":0,"menu_order":0,"comment_status":"closed","ping_status":"closed","template":"","meta":{"footnotes":""},"class_list":["post-12308","page","type-page","status-publish","hentry"],"rttpg_featured_image_url":null,"rttpg_author":{"display_name":"","author_link":"https:\/\/library.usm.md\/?author=1"},"rttpg_comment":0,"rttpg_category":null,"rttpg_excerpt":"Biblioteca Central\u0103 func\u021bioneaz\u0103 conform programului: Luni-vineri 08.00-17.00 S\u00e2mb\u0103t\u0103, duminic\u0103 f\u0103r\u0103 program","_links":{"self":[{"href":"https:\/\/library.usm.md\/index.php?rest_route=\/wp\/v2\/pages\/12308","targetHints":{"allow":["GET"]}}],"collection":[{"href":"https:\/\/library.usm.md\/index.php?rest_route=\/wp\/v2\/pages"}],"about":[{"href":"https:\/\/library.usm.md\/index.php?rest_route=\/wp\/v2\/types\/page"}],"author":[{"embeddable":true,"href":"https:\/\/library.usm.md\/index.php?rest_route=\/wp\/v2\/users\/1"}],"replies":[{"embeddable":true,"href":"https:\/\/library.usm.md\/index.php?rest_route=%2Fwp%2Fv2%2Fcomments&post=12308"}],"version-history":[{"count":5,"href":"https:\/\/library.usm.md\/index.php?rest_route=\/wp\/v2\/pages\/12308\/revisions"}],"predecessor-version":[{"id":13466,"href":"https:\/\/library.usm.md\/index.php?rest_route=\/wp\/v2\/pages\/12308\/revisions\/13466"}],"wp:attachment":[{"href":"https:\/\/library.usm.md\/index.php?rest_route=%2Fwp%2Fv2%2Fmedia&parent=12308"}],"curies":[{"name":"wp","href":"https:\/\/api.w.org\/{rel}","templated":true}]}}