{"id":12306,"date":"2022-03-30T15:34:06","date_gmt":"2022-03-30T12:34:06","guid":{"rendered":"https:\/\/library.usm.md\/?page_id=12306"},"modified":"2025-04-07T16:16:45","modified_gmt":"2025-04-07T13:16:45","slug":"imprumut","status":"publish","type":"page","link":"https:\/\/library.usm.md\/?page_id=12306","title":{"rendered":"\u00cemprumut"},"content":{"rendered":"<p><span style=\"color: #333333;\"><strong>\u00cemprumutul de publica\u021bii la domiciliu<\/strong><\/span><\/p>\n<p><span style=\"color: #333333;\">Au dreptul de \u00eemprumut la domiciliu urm\u0103toarele categorii de utilizatori:<\/span><\/p>\n<ul>\n<li><span style=\"color: #333333;\">studen\u0163ii de la ciclurile de studii I (licen\u021b\u0103), II (masterat), III (doctorat);<\/span><\/li>\n<li><span style=\"color: #333333;\">cercet\u0103torii \u015fi cadrele didactice universitare;<\/span><\/li>\n<li><span style=\"color: #333333;\">alte categorii de salaria\u0163i ai universit\u0103\u0163ii.<\/span><\/li>\n<\/ul>\n<p><span style=\"color: #333333;\">Utilizatorii externi pot \u00eemprumuta documente din colec\u0163iile bibliotecii pentru studiu doar \u00een sala de lectur\u0103, f\u0103r\u0103 dreptul de \u00eemprumut la domiciliu.<\/span><\/p>\n<p><span style=\"color: #333333;\">Colec\u021biile destinate \u00eemprumutului la domiciliu sunt organizate \u0219i localizate \u00een spa\u021bii speciale destinate acestui scop.<\/span><\/p>\n<p><span style=\"color: #333333;\">Solicitarea pentru \u00eemprumut se face pe baza unui buletin de cerere completat cu principalele elemente bibliografice de identificare a documentului.<\/span><\/p>\n<p><span style=\"color: #333333;\">Termenele de \u00eemprumut \u015fi num\u0103rul maxim al documentelor \u00eemprumutate se stabilesc \u00een func\u0163ie de categoriile de utilizatori \u015fi statutul publica\u0163iei:<\/span><\/p>\n<p><span style=\"color: #333333;\"><em>A) pentru studen\u0163i de la ciclurile de studii licen\u021b\u0103 \u0219i masterat<\/em>:<\/span><\/p>\n<ul>\n<li><span style=\"color: #333333;\">publica\u0163ii didactice de specialitate (manuale, cursuri universitare, note de curs, lucr\u0103ri practice, teste, culegeri de probleme, etc.) \u2013 \u00een conformitate cu programele de \u00eenv\u0103\u0163\u0103m\u00e2nt, pentru un semestru sau un an de studii;<\/span><\/li>\n<li><span style=\"color: #333333;\">documente \u015ftiin\u0163ifice \u2013 5-7 publica\u0163ii pe o perioad\u0103 de 15 zile;<\/span><\/li>\n<li><span style=\"color: #333333;\">literatura artistic\u0103 \u2013 5 publica\u0163ii pe o perioad\u0103 de 30 zile;<\/span><\/li>\n<\/ul>\n<p><span style=\"color: #333333;\"><em>B) pentru studen\u0163i de la ciclul de studii doctorat <\/em>&#8211; 10 publica\u0163ii pe o perioad\u0103 de 30 zile;<\/span><\/p>\n<p><span style=\"color: #333333;\"><em>C) pentru cercet\u0103tori, cadre didactice, personalul didactic auxiliar \u015fi administrativ <\/em>-10 publica\u0163ii pe o perioad\u0103 de 30 zile.<\/span><\/p>\n<p><span style=\"color: #333333;\">Publica\u0163iile frecvent solicitate se \u00eemprumut\u0103 pe o perioad\u0103 de p\u00e2n\u0103 la 3 zile.<\/span><\/p>\n<p><span style=\"color: #333333;\">La solicitare termenul de \u00eemprumut poate fi prelungit, dac\u0103 nu exist\u0103 cerere de rezervare pentru aceast\u0103 publica\u0163ie.<\/span><\/p>\n<p><span style=\"color: #333333;\">Publica\u0163iile lips\u0103 \u00een colec\u0163iile Bibliotecii Centrale USM, pot fi solicitate de la alte biblioteci, prin intermediul serviciului de \u00eemprumut interbibliotecar na\u0163ional. Utilizatorii pot solicita prin \u00eemprumut interbibliotecar doar publica\u021bii legate de studiu, activitatea didactic\u0103 sau de cercetare.<\/span><\/p>\n","protected":false},"excerpt":{"rendered":"<p>\u00cemprumutul de publica\u021bii la domiciliu Au dreptul de \u00eemprumut la domiciliu urm\u0103toarele categorii de utilizatori: studen\u0163ii de la ciclurile de studii I (licen\u021b\u0103), II (masterat), III (doctorat); cercet\u0103torii \u015fi cadrele didactice universitare; alte categorii de salaria\u0163i ai universit\u0103\u0163ii. Utilizatorii externi pot \u00eemprumuta documente din colec\u0163iile bibliotecii pentru studiu doar \u00een sala de lectur\u0103, f\u0103r\u0103 dreptul&hellip; <br \/> <a class=\"read-more\" href=\"https:\/\/library.usm.md\/?page_id=12306\">Cite\u0219te mai mult<\/a><\/p>\n","protected":false},"author":1,"featured_media":0,"parent":0,"menu_order":0,"comment_status":"closed","ping_status":"closed","template":"","meta":{"footnotes":""},"class_list":["post-12306","page","type-page","status-publish","hentry"],"rttpg_featured_image_url":null,"rttpg_author":{"display_name":"","author_link":"https:\/\/library.usm.md\/?author=1"},"rttpg_comment":0,"rttpg_category":null,"rttpg_excerpt":"\u00cemprumutul de publica\u021bii la domiciliu Au dreptul de \u00eemprumut la domiciliu urm\u0103toarele categorii de utilizatori: studen\u0163ii de la ciclurile de studii I (licen\u021b\u0103), II (masterat), III (doctorat); cercet\u0103torii \u015fi cadrele didactice universitare; alte categorii de salaria\u0163i ai universit\u0103\u0163ii. Utilizatorii externi pot \u00eemprumuta documente din colec\u0163iile bibliotecii pentru studiu doar \u00een sala de lectur\u0103, f\u0103r\u0103 dreptul&hellip;&hellip;","_links":{"self":[{"href":"https:\/\/library.usm.md\/index.php?rest_route=\/wp\/v2\/pages\/12306","targetHints":{"allow":["GET"]}}],"collection":[{"href":"https:\/\/library.usm.md\/index.php?rest_route=\/wp\/v2\/pages"}],"about":[{"href":"https:\/\/library.usm.md\/index.php?rest_route=\/wp\/v2\/types\/page"}],"author":[{"embeddable":true,"href":"https:\/\/library.usm.md\/index.php?rest_route=\/wp\/v2\/users\/1"}],"replies":[{"embeddable":true,"href":"https:\/\/library.usm.md\/index.php?rest_route=%2Fwp%2Fv2%2Fcomments&post=12306"}],"version-history":[{"count":7,"href":"https:\/\/library.usm.md\/index.php?rest_route=\/wp\/v2\/pages\/12306\/revisions"}],"predecessor-version":[{"id":13465,"href":"https:\/\/library.usm.md\/index.php?rest_route=\/wp\/v2\/pages\/12306\/revisions\/13465"}],"wp:attachment":[{"href":"https:\/\/library.usm.md\/index.php?rest_route=%2Fwp%2Fv2%2Fmedia&parent=12306"}],"curies":[{"name":"wp","href":"https:\/\/api.w.org\/{rel}","templated":true}]}}