{"id":12304,"date":"2022-03-30T15:33:44","date_gmt":"2022-03-30T12:33:44","guid":{"rendered":"https:\/\/library.usm.md\/?page_id=12304"},"modified":"2025-04-07T16:16:05","modified_gmt":"2025-04-07T13:16:05","slug":"inscriere","status":"publish","type":"page","link":"https:\/\/library.usm.md\/?page_id=12304","title":{"rendered":"\u00censcriere"},"content":{"rendered":"<p><span style=\"color: #333333;\"><strong>\u00censcrierea utilizatorilor la bibliotec\u0103<\/strong><\/span><\/p>\n<p><span style=\"color: #333333;\">Accesul la resursele informa\u021bionale, serviciile \u0219i facilit\u0103\u021bile bibliotecii se realizeaz\u0103 \u00een baza urm\u0103toarelor acte:<\/span><\/p>\n<ul>\n<li><span style=\"color: #333333;\">studen\u021bii \u2013 carnetul de student vizat la zi, adeverin\u021ba de doctorand<\/span><\/li>\n<li><span style=\"color: #333333;\">cadrele didactice, cercet\u0103torii \u0219i al\u021bi salaria\u021bi ai USM \u2013 legitima\u021bia de serviciu vizat\u0103 la zi sau certificatul eliberat de sec\u021bia Resurse Umane a USM*<\/span><\/li>\n<\/ul>\n<p><span style=\"color: #333333;\">Studen\u021bii anului I, p\u00e2n\u0103 la primirea carnetului de student, au acces \u00een Bibliotec\u0103 timp de o lun\u0103 \u00een baza certificatului eliberat de c\u0103tre decanatul facult\u0103\u021bii cu prezentarea buletinului de identitate.<\/span><\/p>\n<p><span style=\"color: #333333;\">Solicitantul completeaz\u0103 fi\u0219a de \u00eenregistrare, ia cuno\u0219tin\u021b\u0103 de obliga\u021biunile \u0219i drepturile utilizatorului \u0219i confirm\u0103 prin semn\u0103tur\u0103 obliga\u021bia de a le respecta.<\/span><\/p>\n<p><span style=\"color: #333333;\">Utilizatorii bibliotecii sunt obliga\u021bi s\u0103 semnaleze orice schimbare de adres\u0103 \u015fi identitate.<\/span><\/p>\n<p><span style=\"color: #333333;\">Biblioteca asigur\u0103, \u00een activitatea sa, respectarea regimului de securitate a datelor cu caracter personal.<\/span><\/p>\n<p>&nbsp;<\/p>\n<p><span style=\"color: #333333;\">* Utilizatorii nespecifici\/externi sunt deservi\u021bi \u00een baza actului de identitate \u00een original (buletin\/pa\u0219aport), legitima\u021biei de serviciu sau carnetului de student vizate la zi \u0219i beneficiaz\u0103 de toate serviciile prestate de bibliotec\u0103 cu excep\u021bia \u00eemprumutului de publica\u021bii la domiciliu.<\/span><\/p>\n<p>&nbsp;<\/p>\n","protected":false},"excerpt":{"rendered":"<p>\u00censcrierea utilizatorilor la bibliotec\u0103 Accesul la resursele informa\u021bionale, serviciile \u0219i facilit\u0103\u021bile bibliotecii se realizeaz\u0103 \u00een baza urm\u0103toarelor acte: studen\u021bii \u2013 carnetul de student vizat la zi, adeverin\u021ba de doctorand cadrele didactice, cercet\u0103torii \u0219i al\u021bi salaria\u021bi ai USM \u2013 legitima\u021bia de serviciu vizat\u0103 la zi sau certificatul eliberat de sec\u021bia Resurse Umane a USM* Studen\u021bii anului&hellip; <br \/> <a class=\"read-more\" href=\"https:\/\/library.usm.md\/?page_id=12304\">Cite\u0219te mai mult<\/a><\/p>\n","protected":false},"author":1,"featured_media":0,"parent":0,"menu_order":0,"comment_status":"closed","ping_status":"closed","template":"","meta":{"footnotes":""},"class_list":["post-12304","page","type-page","status-publish","hentry"],"rttpg_featured_image_url":null,"rttpg_author":{"display_name":"","author_link":"https:\/\/library.usm.md\/?author=1"},"rttpg_comment":0,"rttpg_category":null,"rttpg_excerpt":"\u00censcrierea utilizatorilor la bibliotec\u0103 Accesul la resursele informa\u021bionale, serviciile \u0219i facilit\u0103\u021bile bibliotecii se realizeaz\u0103 \u00een baza urm\u0103toarelor acte: studen\u021bii \u2013 carnetul de student vizat la zi, adeverin\u021ba de doctorand cadrele didactice, cercet\u0103torii \u0219i al\u021bi salaria\u021bi ai USM \u2013 legitima\u021bia de serviciu vizat\u0103 la zi sau certificatul eliberat de sec\u021bia Resurse Umane a USM* Studen\u021bii anului&hellip;&hellip;","_links":{"self":[{"href":"https:\/\/library.usm.md\/index.php?rest_route=\/wp\/v2\/pages\/12304","targetHints":{"allow":["GET"]}}],"collection":[{"href":"https:\/\/library.usm.md\/index.php?rest_route=\/wp\/v2\/pages"}],"about":[{"href":"https:\/\/library.usm.md\/index.php?rest_route=\/wp\/v2\/types\/page"}],"author":[{"embeddable":true,"href":"https:\/\/library.usm.md\/index.php?rest_route=\/wp\/v2\/users\/1"}],"replies":[{"embeddable":true,"href":"https:\/\/library.usm.md\/index.php?rest_route=%2Fwp%2Fv2%2Fcomments&post=12304"}],"version-history":[{"count":6,"href":"https:\/\/library.usm.md\/index.php?rest_route=\/wp\/v2\/pages\/12304\/revisions"}],"predecessor-version":[{"id":13464,"href":"https:\/\/library.usm.md\/index.php?rest_route=\/wp\/v2\/pages\/12304\/revisions\/13464"}],"wp:attachment":[{"href":"https:\/\/library.usm.md\/index.php?rest_route=%2Fwp%2Fv2%2Fmedia&parent=12304"}],"curies":[{"name":"wp","href":"https:\/\/api.w.org\/{rel}","templated":true}]}}