{"id":12271,"date":"2022-03-30T15:18:58","date_gmt":"2022-03-30T12:18:58","guid":{"rendered":"https:\/\/library.usm.md\/?page_id=12271"},"modified":"2025-04-07T16:18:25","modified_gmt":"2025-04-07T13:18:25","slug":"%d0%beferta-de-servicii","status":"publish","type":"page","link":"https:\/\/library.usm.md\/?page_id=12271","title":{"rendered":"\u041eferta de servicii"},"content":{"rendered":"<p><span style=\"color: #333333;\"><strong>Servcii oferite de Biblioteca Central\u0103 USM<\/strong><\/span><\/p>\n<ol>\n<li><span style=\"color: #333333;\">Acces la documentele din colec\u021biile bibliotecii \u0219i consultarea \u00een s\u0103lile de lectur\u0103.<\/span><\/li>\n<li><span style=\"color: #333333;\">Acces direct la documente \u00een s\u0103lile de lectur\u0103.<\/span><\/li>\n<li><span style=\"color: #333333;\">\u00cemprumut de documente la domiciliu.<\/span><\/li>\n<li><span style=\"color: #333333;\">\u00cemprumut interbibliotecar na\u0163ional de documente.<\/span><\/li>\n<li><span style=\"color: #333333;\">Acces la catalogul on-line.<\/span><\/li>\n<li><span style=\"color: #333333;\">Acces la sistemul de cataloage tradi\u021bionale.<\/span><\/li>\n<li><span style=\"color: #333333;\">Acces la Repozitoriul Institu\u0163ional USM.<\/span><\/li>\n<li><span style=\"color: #333333;\">Acces la baze de date.<\/span><\/li>\n<li><span style=\"color: #333333;\">Livrare electronic\u0103 de documente.<\/span><\/li>\n<li><span style=\"color: #333333;\">Consultan\u021b\u0103, asisten\u021b\u0103 informa\u021bional\u0103 \u0219i bibliografic\u0103.<\/span><\/li>\n<li><span style=\"color: #333333;\">Acordarea serviciilor de asisten\u0163\u0103 pentru autoarhivarea documentelor \u00een arhivele electronice deschise.<\/span><\/li>\n<li><span style=\"color: #333333;\">Asisten\u021b\u0103 \u0219i suport \u00een elaborarea listelor bibliografice pentru curriculumul universitar.<\/span><\/li>\n<li><span style=\"color: #333333;\">Elaborarea lucr\u0103rilor bibliografice la cerere.<\/span><\/li>\n<li><span style=\"color: #333333;\">Elaborarea cercet\u0103rilor bibliografice tematice la cerere pentru teze doctor, teme de cercetare.<\/span><\/li>\n<li><span style=\"color: #333333;\">Elaborarea cercet\u0103rilor bibliografice privind asigurarea documentar\u0103 a programelor de licen\u021b\u0103, masterat, \u0219colilor doctorale (\u00een cadrul acredit\u0103rii).<\/span><\/li>\n<li><span style=\"color: #333333;\">Oferirea la solicitare a serviciilor de referin\u021be prin telefon, e-mail, alte canale de comunicare.<\/span><\/li>\n<li><span style=\"color: #333333;\">Elaborarea buletinelor de achizi\u021bii de documente ale bibliotecii (format electronic).<\/span><\/li>\n<li><span style=\"color: #333333;\">Furnizarea la cerere a informa\u0163iilor factologice (textuale, statistice etc).<\/span><\/li>\n<li><span style=\"color: #333333;\">Atribuirea indicilor CZU la teze de doctor \u0219i articole \u0219tiin\u021bifice.<\/span><\/li>\n<li><span style=\"color: #333333;\">Arhivarea documentelor \u0219tiin\u021bifice \u00een repozitoriul institu\u021bional ZENODO.<\/span><\/li>\n<li><span style=\"color: #333333;\">Oferirea serviciilor bibliometrice (la solicitare).<\/span><\/li>\n<li><span style=\"color: #333333;\">Asisten\u0163a consultativ\u0103 a autorilor USM privind citarea surselor de informare \u015fi prezentarea referin\u0163elor bibliografice utilizate \u00een cercetare.<\/span><\/li>\n<li><span style=\"color: #333333;\">Organizarea activit\u0103\u0163ilor de informare (expozi\u0163ii tematice de carte, Ziua Inform\u0103rii, Ziua Specialistului, etc.).<\/span><\/li>\n<li><span style=\"color: #333333;\">Organizarea programelor \u015fi a activit\u0103\u0163ilor publice cu caracter educativ, cultural, literar, social, academic, de recreere (lec\u0163ii publice, seminare specializate, zilele bibliotecii, \u00eent\u00e2lniri cu personalit\u0103\u0163i din diverse domenii etc.).<\/span><\/li>\n<li><span style=\"color: #333333;\">Organizarea lans\u0103rilor \u015fi prezent\u0103rilor de carte.<\/span><\/li>\n<li><span style=\"color: #333333;\">Instruirea membrilor comunit\u0103\u0163ii academice \u00een vederea form\u0103rii competen\u0163elor de cultura informa\u0163iei.<\/span><\/li>\n<li><span style=\"color: #333333;\">Tururi ghidate, prezentarea bibliotecii pentru public \u015fi\/sau utilizatori.<\/span><\/li>\n<li><span style=\"color: #333333;\">Oferirea serviciilor \u015fi facilit\u0103\u0163ilor prin intermediul site-ului bibliotecii, re\u021belelor de socializare.<\/span><\/li>\n<li><span style=\"color: #333333;\">Oferirea materialelor promo\u021bionale, tutoriale, ghiduri etc.<\/span><\/li>\n<li><span style=\"color: #333333;\">Asigurarea accesului Internet.<\/span><\/li>\n<li><span style=\"color: #333333;\">Asigurarea accesului la\u00a0 echipamentele bibliotecii.<\/span><\/li>\n<\/ol>\n<p>&nbsp;<\/p>\n","protected":false},"excerpt":{"rendered":"<p>Servcii oferite de Biblioteca Central\u0103 USM Acces la documentele din colec\u021biile bibliotecii \u0219i consultarea \u00een s\u0103lile de lectur\u0103. Acces direct la documente \u00een s\u0103lile de lectur\u0103. \u00cemprumut de documente la domiciliu. \u00cemprumut interbibliotecar na\u0163ional de documente. Acces la catalogul on-line. Acces la sistemul de cataloage tradi\u021bionale. Acces la Repozitoriul Institu\u0163ional USM. Acces la baze de&hellip; <br \/> <a class=\"read-more\" href=\"https:\/\/library.usm.md\/?page_id=12271\">Cite\u0219te mai mult<\/a><\/p>\n","protected":false},"author":1,"featured_media":0,"parent":0,"menu_order":0,"comment_status":"closed","ping_status":"closed","template":"","meta":{"footnotes":""},"class_list":["post-12271","page","type-page","status-publish","hentry"],"rttpg_featured_image_url":null,"rttpg_author":{"display_name":"","author_link":"https:\/\/library.usm.md\/?author=1"},"rttpg_comment":0,"rttpg_category":null,"rttpg_excerpt":"Servcii oferite de Biblioteca Central\u0103 USM Acces la documentele din colec\u021biile bibliotecii \u0219i consultarea \u00een s\u0103lile de lectur\u0103. Acces direct la documente \u00een s\u0103lile de lectur\u0103. \u00cemprumut de documente la domiciliu. \u00cemprumut interbibliotecar na\u0163ional de documente. Acces la catalogul on-line. Acces la sistemul de cataloage tradi\u021bionale. Acces la Repozitoriul Institu\u0163ional USM. Acces la baze de&hellip;&hellip;","_links":{"self":[{"href":"https:\/\/library.usm.md\/index.php?rest_route=\/wp\/v2\/pages\/12271","targetHints":{"allow":["GET"]}}],"collection":[{"href":"https:\/\/library.usm.md\/index.php?rest_route=\/wp\/v2\/pages"}],"about":[{"href":"https:\/\/library.usm.md\/index.php?rest_route=\/wp\/v2\/types\/page"}],"author":[{"embeddable":true,"href":"https:\/\/library.usm.md\/index.php?rest_route=\/wp\/v2\/users\/1"}],"replies":[{"embeddable":true,"href":"https:\/\/library.usm.md\/index.php?rest_route=%2Fwp%2Fv2%2Fcomments&post=12271"}],"version-history":[{"count":8,"href":"https:\/\/library.usm.md\/index.php?rest_route=\/wp\/v2\/pages\/12271\/revisions"}],"predecessor-version":[{"id":13467,"href":"https:\/\/library.usm.md\/index.php?rest_route=\/wp\/v2\/pages\/12271\/revisions\/13467"}],"wp:attachment":[{"href":"https:\/\/library.usm.md\/index.php?rest_route=%2Fwp%2Fv2%2Fmedia&parent=12271"}],"curies":[{"name":"wp","href":"https:\/\/api.w.org\/{rel}","templated":true}]}}