{"id":12234,"date":"2022-03-30T15:01:44","date_gmt":"2022-03-30T12:01:44","guid":{"rendered":"https:\/\/library.usm.md\/?page_id=12234"},"modified":"2023-02-07T14:15:40","modified_gmt":"2023-02-07T11:15:40","slug":"misiune-valori","status":"publish","type":"page","link":"https:\/\/library.usm.md\/?page_id=12234","title":{"rendered":"Misiune. Valori"},"content":{"rendered":"<p><strong><span style=\"color: #333333;\">Misiune<\/span><\/strong><\/p>\n<p><span style=\"color: #333333;\">Biblioteca Central\u0103 Universitar\u0103 are ca misiune dezvoltarea \u015fi organizarea colec\u0163iilor reprezentative de documente, menite s\u0103 contribuie la procesul de \u00eenv\u0103\u0163\u0103m\u00e2nt \u0219i cercetarea \u015ftiin\u0163ific\u0103 prin asigurarea accesului nelimitat la informa\u0163ii, documente \u015fi servicii \u00een scopul satisfacerii cerin\u0163elor de informare \u015fi documentare a utilizatorilor.<\/span><\/p>\n<p><strong><span style=\"color: #333333;\">Valori<\/span><\/strong><\/p>\n<ul>\n<li><span style=\"color: #333333;\">Orientare c\u0103tre utilizator<\/span><\/li>\n<li><span style=\"color: #333333;\">Calitate<\/span><\/li>\n<li><span style=\"color: #333333;\">Profesionalism<\/span><\/li>\n<li><span style=\"color: #333333;\">Performan\u0163\u0103<\/span><\/li>\n<li><span style=\"color: #333333;\">Accesibilitate<\/span><\/li>\n<li><span style=\"color: #333333;\">Colaborare \u0219i parteneriate<\/span><\/li>\n<\/ul>\n","protected":false},"excerpt":{"rendered":"<p>Misiune Biblioteca Central\u0103 Universitar\u0103 are ca misiune dezvoltarea \u015fi organizarea colec\u0163iilor reprezentative de documente, menite s\u0103 contribuie la procesul de \u00eenv\u0103\u0163\u0103m\u00e2nt \u0219i cercetarea \u015ftiin\u0163ific\u0103 prin asigurarea accesului nelimitat la informa\u0163ii, documente \u015fi servicii \u00een scopul satisfacerii cerin\u0163elor de informare \u015fi documentare a utilizatorilor. Valori Orientare c\u0103tre utilizator Calitate Profesionalism Performan\u0163\u0103 Accesibilitate Colaborare \u0219i parteneriate<\/p>\n","protected":false},"author":1,"featured_media":0,"parent":0,"menu_order":0,"comment_status":"closed","ping_status":"closed","template":"","meta":{"footnotes":""},"class_list":["post-12234","page","type-page","status-publish","hentry"],"rttpg_featured_image_url":null,"rttpg_author":{"display_name":"","author_link":"https:\/\/library.usm.md\/?author=1"},"rttpg_comment":0,"rttpg_category":null,"rttpg_excerpt":"Misiune Biblioteca Central\u0103 Universitar\u0103 are ca misiune dezvoltarea \u015fi organizarea colec\u0163iilor reprezentative de documente, menite s\u0103 contribuie la procesul de \u00eenv\u0103\u0163\u0103m\u00e2nt \u0219i cercetarea \u015ftiin\u0163ific\u0103 prin asigurarea accesului nelimitat la informa\u0163ii, documente \u015fi servicii \u00een scopul satisfacerii cerin\u0163elor de informare \u015fi documentare a utilizatorilor. Valori Orientare c\u0103tre utilizator Calitate Profesionalism Performan\u0163\u0103 Accesibilitate Colaborare \u0219i parteneriate","_links":{"self":[{"href":"https:\/\/library.usm.md\/index.php?rest_route=\/wp\/v2\/pages\/12234","targetHints":{"allow":["GET"]}}],"collection":[{"href":"https:\/\/library.usm.md\/index.php?rest_route=\/wp\/v2\/pages"}],"about":[{"href":"https:\/\/library.usm.md\/index.php?rest_route=\/wp\/v2\/types\/page"}],"author":[{"embeddable":true,"href":"https:\/\/library.usm.md\/index.php?rest_route=\/wp\/v2\/users\/1"}],"replies":[{"embeddable":true,"href":"https:\/\/library.usm.md\/index.php?rest_route=%2Fwp%2Fv2%2Fcomments&post=12234"}],"version-history":[{"count":11,"href":"https:\/\/library.usm.md\/index.php?rest_route=\/wp\/v2\/pages\/12234\/revisions"}],"predecessor-version":[{"id":12825,"href":"https:\/\/library.usm.md\/index.php?rest_route=\/wp\/v2\/pages\/12234\/revisions\/12825"}],"wp:attachment":[{"href":"https:\/\/library.usm.md\/index.php?rest_route=%2Fwp%2Fv2%2Fmedia&parent=12234"}],"curies":[{"name":"wp","href":"https:\/\/api.w.org\/{rel}","templated":true}]}}